{"id":20,"date":"2024-01-22T17:14:44","date_gmt":"2024-01-22T17:14:44","guid":{"rendered":"https:\/\/verlag-lindenstruth.de\/?page_id=20"},"modified":"2024-01-22T17:14:44","modified_gmt":"2024-01-22T17:14:44","slug":"datenschutz","status":"publish","type":"page","link":"https:\/\/verlag-lindenstruth.de\/?page_id=20","title":{"rendered":"Datenschutz"},"content":{"rendered":"\n<p class=\"wp-block-paragraph\">Der Besteller erm\u00e4chtigt den Verlag Lindenstruth, die im Zusammenhang mit der Gesch\u00e4ftsbeziehung erhaltenen Daten \u00fcber den Kunden im Sinne der Datenschutzgesetze zu verarbeiten, zu speichern und auszuwerten.<br>Die Kundendaten werden nicht weitergegeben und ausschlie\u00dflich zu Zwecken der Abrechnung verwendet und bei eventuellen Reklamationen. Die e-mail-Adresse des Bestellers wird nur f\u00fcr Informations- und Rechnungsschreiben zu den Bestellungen verwendet.<br>Verlagsinformationen per e-mail erhalten Kunden nur auf ausdr\u00fccklichen Wunsch. Dieser Wunsch kann jederzeit formlos widerrufen werden.<br>Der Besteller hat ein Recht auf Auskunft sowie ein Recht auf Berichtigung, Sperrung und L\u00f6schung seiner gespeicherten Daten.<\/p>\n","protected":false},"excerpt":{"rendered":"<p>Der Besteller erm\u00e4chtigt den Verlag Lindenstruth, die im Zusammenhang mit der Gesch\u00e4ftsbeziehung erhaltenen Daten \u00fcber den Kunden im Sinne der Datenschutzgesetze zu verarbeiten, zu speichern und auszuwerten.Die Kundendaten werden nicht weitergegeben und ausschlie\u00dflich zu Zwecken der Abrechnung verwendet und bei eventuellen Reklamationen. Die e-mail-Adresse des Bestellers wird nur f\u00fcr Informations- und Rechnungsschreiben zu den Bestellungen verwendet.Verlagsinformationen per e-mail erhalten Kunden nur auf ausdr\u00fccklichen Wunsch. Dieser Wunsch kann jederzeit formlos widerrufen werden.Der Besteller hat ein Recht auf Auskunft sowie ein Recht auf Berichtigung, Sperrung und L\u00f6schung seiner gespeicherten Daten.<\/p>\n","protected":false},"author":1,"featured_media":0,"parent":0,"menu_order":0,"comment_status":"closed","ping_status":"closed","template":"","meta":{"_crdt_document":"","_themeisle_gutenberg_block_has_review":false,"footnotes":""},"class_list":["post-20","page","type-page","status-publish","hentry"],"_links":{"self":[{"href":"https:\/\/verlag-lindenstruth.de\/index.php?rest_route=\/wp\/v2\/pages\/20","targetHints":{"allow":["GET"]}}],"collection":[{"href":"https:\/\/verlag-lindenstruth.de\/index.php?rest_route=\/wp\/v2\/pages"}],"about":[{"href":"https:\/\/verlag-lindenstruth.de\/index.php?rest_route=\/wp\/v2\/types\/page"}],"author":[{"embeddable":true,"href":"https:\/\/verlag-lindenstruth.de\/index.php?rest_route=\/wp\/v2\/users\/1"}],"replies":[{"embeddable":true,"href":"https:\/\/verlag-lindenstruth.de\/index.php?rest_route=%2Fwp%2Fv2%2Fcomments&post=20"}],"version-history":[{"count":2,"href":"https:\/\/verlag-lindenstruth.de\/index.php?rest_route=\/wp\/v2\/pages\/20\/revisions"}],"predecessor-version":[{"id":394,"href":"https:\/\/verlag-lindenstruth.de\/index.php?rest_route=\/wp\/v2\/pages\/20\/revisions\/394"}],"wp:attachment":[{"href":"https:\/\/verlag-lindenstruth.de\/index.php?rest_route=%2Fwp%2Fv2%2Fmedia&parent=20"}],"curies":[{"name":"wp","href":"https:\/\/api.w.org\/{rel}","templated":true}]}}