{"id":18,"date":"2024-01-22T17:17:00","date_gmt":"2024-01-22T17:17:00","guid":{"rendered":"https:\/\/verlag-lindenstruth.de\/?page_id=18"},"modified":"2024-02-11T11:51:02","modified_gmt":"2024-02-11T11:51:02","slug":"belletristik","status":"publish","type":"page","link":"https:\/\/verlag-lindenstruth.de\/?page_id=18","title":{"rendered":"Belletristik"},"content":{"rendered":"\n<p class=\"has-medium-font-size wp-block-paragraph\"><\/p>\n\n\n\n<figure class=\"wp-block-table is-style-stripes\"><table><tbody><tr><td><strong>Webseite neu im Aufbau.<br>Bestellungen aktuell nur \u00fcber email:<\/strong><br><strong><a href=\"mailto:ggl@verlag-lindenstruth.de\">ggl@verlag-lindenstruth.de<\/a> m\u00f6glich.<\/strong><\/td><td><img decoding=\"async\" width=\"148\" height=\"234\" class=\"wp-image-312\" style=\"width: 148px;\" src=\"https:\/\/verlag-lindenstruth.de\/wp-content\/uploads\/2024\/01\/Siefener-Nachtseite-50.jpg\" alt=\"\"><img decoding=\"async\" width=\"150\" height=\"233\" class=\"wp-image-47\" style=\"width: 150px;\" src=\"https:\/\/verlag-lindenstruth.de\/wp-content\/uploads\/2024\/01\/9783934273719-50-ori.jpg\" alt=\"\"><img decoding=\"async\" width=\"152\" height=\"232\" class=\"wp-image-42\" style=\"width: 152px;\" src=\"https:\/\/verlag-lindenstruth.de\/wp-content\/uploads\/2024\/01\/9783934273603PB-50-O.jpg\" alt=\"\"><img loading=\"lazy\" decoding=\"async\" width=\"147\" height=\"232\" class=\"wp-image-252\" style=\"width: 147px;\" src=\"https:\/\/verlag-lindenstruth.de\/wp-content\/uploads\/2024\/01\/PERFALL-Tibi-50.jpg\" alt=\"\"><\/td><\/tr><tr><td>\ufeff<\/td><td>\ufeff<\/td><\/tr><tr><td><strong>Second Hand Nightmares.<\/strong><br>von Malte S. Sembten<br>Gebundene Ausgabe in schwarzem gepr\u00e4gten Leinen, mit farbigem Schutzumschlag, 100 Seiten,<br>ISBN 978-3-934273-71-9, \u20ac 29,80 <strong><mark style=\"background-color:rgba(0, 0, 0, 0)\" class=\"has-inline-color has-vivid-green-cyan-color\">zwei Restexemplare (wieder) lieferbar<\/mark><\/strong><br>limitiert auf 111 numerierte Exemplare, vom Verfasser signiert,<br>Umschlagillustration von Stefan Atzenhofer.<br><em>Die Erstausgabe dieser Novelle erschien 1998 als \u203aMedusenblut\u2039 Heft 4 und z\u00e4hlt zu den meistgesuchten Titeln der \u203aMedusenblut\u2039-Reihe. F\u00fcr diese Ausgabe hat der Autor sein Werk grundlegend \u00fcberarbeitet und erweitert.<br>Das Nachwort der Neuausgabe schrieb Robert N. Bloch.<\/em><\/td><td><strong>Die Entdeckung der Nachtseite. Unheimlicher Roman<\/strong><br>von Michael Siefener<br>Mit 10 Illustrationen von Thomas Hofmann.<br>Glanzbroschur, 307 Seiten, ISBN 978-3-934273-62-7, \u20ac 18,00*<br>Gebundene Vorzugsausgabe in goldgepr\u00e4gtem Leinen, mit umlaufend illustriertem Schutzumschlag von Sch\u00e4delwaldt, ISBN 978-3-934273-72-6, limitiert auf 111 numerierte und vom Autor signierte Exemplare, \u20ac 34,00*<br><em>Georg, ein unscheinbarer Antiquar, wohnt mit seiner Frau in der gro\u00dfen Stadt. Er f\u00fchrt ein Leben wie das von tausend anderen. Aber warum betrachtet ihn ein Penner als seinen Bruder? Woher kommen die sinnlosen Wutanf\u00e4lle, die n\u00e4chtlichen Alptr\u00e4ume? Die Nachtseite hat ihn als Opfer auserkoren, und sein Abstieg in die H\u00f6lle beginnt. Michael Siefener entwirft eine apokalyptische Vision vom Zerfall eines Individuums und dessen vergeblichen Versuchen, seine Existenz zu retten.<\/em><\/td><\/tr><tr><td><strong>Das Zimmer im \u00bbFliegenden Drachen\u00ab. Aus den Aufzeichnungen des Dr. Hesselius<\/strong><br>von Sheridan Le Fanu<br>Glanzbroschur, 197 Seiten, ISBN 978-3-934273-60-3,<br>\u20ac 15,00* <br><em>Eine r\u00e4tselhafte spannungsgeladene Geschichte um eine furchtbare Droge von Sheridan Le Fanu (1814-1873), dem Meister des viktorianischen Schauerromans.<br>\u00bbAber es gibt einen Autor, den Liebhabern des Unheimlichen viel zu wenig bekannt, der selten seine Mission verfehlt: Sein Name ist Sheridan Le Fanu. Er produziert Seite f\u00fcr Seite einen weitaus h\u00f6heren Schrecken als Edgar Allan Poe, und sein Erfolg, den Leser zu verst\u00f6ren, ist erstaunlich.\u00ab E.F. Benson<\/em><\/td><td><strong>Das verkaufte Genie. Ein Sommernachtstraum.<\/strong><br>von Anton Freiherr von Perfall<br>Kartonierter Einband, ISBN 978-3-934273-64-1, 112 Seiten, Preis: EUR 12,00<br><em>Martin Jolander, ein begabter Maler, hat es satt, mit Auftragsarbeiten seinen Lebensunterhalt zu bestreiten. Stattdessen will er Geld \u2013 viel Geld! F\u00fcr eine Million Dollar w\u00fcrde er seine geniale Begabung verkaufen.<br>Henry Floot ist ein kalifornischer Million\u00e4r, den sein Luxusleben anekelt. Er m\u00f6chte lieber ein genialer Maler sein. Daf\u00fcr w\u00fcrde er gerne eine Million Dollar hergeben.<br>Es g\u00e4be keine Geschichte zu erz\u00e4hlen, k\u00e4me nicht an dieser Stelle ein uralter Greis ins Spiel, der in indische Geheimwissenschaften eingeweiht ist. Und das Unfassbare geschieht. Aus dem Maler wird ein Million\u00e4r, aus dem Million\u00e4r wird ein Maler.<br>Diesen \u201eSommernachtstraum\u201c hat der bayerische Freiherr Anton von Perfall (1853-1912) erdacht, dessen Unterhaltungsromane zum Ende des 19. Jahrhunderts sehr popul\u00e4r waren. Die wunderliche M\u00e4r erschien erstmals 1892 und ist seitdem in Vergessenheit geraten. Nach \u00fcber hundert Jahren wieder im Druck im Verlag Lindenstruth!<\/em><\/td><\/tr><tr><td><\/td><td><strong>Die Tapera. Ein Nachtmahr aus dem Brasilianischen Urwald<\/strong><br>Henrique Maximiano Coelho Neto<br>Buchschmuck von Heiner Stiller<br>Kartonierter Einband, 82 Seiten, Limitierte Auflage, Preis: EUR 9,00<br>Auslieferung, nur direkt \u00fcber den Verlag solange der Vorrat reicht<br><em>\u00bbAch, mein Freund, besser ist es, vom panischen Schrecken get\u00f6tet zu werden als in Furcht lebend aushalten zu m\u00fcssen. \u2013 Der Tod ist schreckhaft, der Schrecken ist ein Sto\u00df, die Furcht aber ist die Verl\u00e4ngerung des Schreckens \u2013 sie ist das Gewissen des Schreckens! Das Tier kennt nicht diese Schw\u00e4che unseres Geistes, weil es nicht reflektiert: das Tier erschrickt, das Tier scheut zur\u00fcck, aber es hat keine Furcht, weil es nicht \u00fcberlegt. Der Schrecken kommt j\u00e4h, ist eine Woge, die uns an den Strand schleudert; die Furcht dagegen ist ein unaufh\u00f6rlicher Wellenschlag, dessen Branden unsere Seele bet\u00e4ubt \u2014\u00ab<\/em><\/td><\/tr><tr><td>Malizi\u00f6se M\u00e4rchen.<br>von Marc-Alastor E.-E.<br>Gebundene Liebhaberausgabe in gepr\u00e4gtem Leinen, 203 >Seiten, Schutzumschlag, vom Autor illustriert, limitiert auf 111 numerierte Exemplare, ISBN 978-3-934273-28-3, \u20ac 29,80* <strong><mark style=\"background-color:rgba(0, 0, 0, 0)\" class=\"has-inline-color has-vivid-green-cyan-color\">Restexemplare lieferbar<\/mark><\/strong><br><em>\u201cWenn ein klassischer Traum an einer Zaunpassage steht und mit braunem Blatt beantwortet wird, wenn die Erinnerung jemanden in die Verfremdung schiebt, oder wenn die Noten verhohlen \u00fcber jemanden zu sprechen scheinen, wenn ein Widerg\u00e4nger wieder zu gehen versucht, eine Melancholistin einen Kobold namens Freudlos trifft, einem Prediger von allen Predigern gepredigt wird oder wenn einem venezianischem Glasbl\u00e4ser nur noch die Liebe zu einem gl\u00e4sernen Ebenbild verbleibt, dann ist Dunkles am Werk gewesen, dann ist die Moral eher eine arge Entstellung ihrer Selbst und, w\u00fcrde der Teufel lesen, so w\u00e4ren ihm diese M\u00e4rchen gerade recht\u2026\u201d<br>Sieben M\u00e4rchen f\u00fcr Erwachsene, wie sie unterschiedlicher und b\u00f6sartiger kaum sein k\u00f6nnen, mysteri\u00f6s, verzerrt und verst\u00f6rend, klassisch, detailverliebt und beschw\u00f6rend<\/em>.<\/td><td><\/td><\/tr><tr><td><\/td><td><\/td><\/tr><tr><td><\/td><td><\/td><\/tr><tr><td><\/td><td>\ufeff<\/td><\/tr><tr><td><\/td><td><\/td><\/tr><\/tbody><\/table><\/figure>\n","protected":false},"excerpt":{"rendered":"<p>Webseite neu im Aufbau.Bestellungen aktuell nur \u00fcber email:ggl@verlag-lindenstruth.de m\u00f6glich. \ufeff \ufeff Second Hand Nightmares.von Malte S. SembtenGebundene Ausgabe in schwarzem gepr\u00e4gten Leinen, mit farbigem Schutzumschlag, 100 Seiten,ISBN 978-3-934273-71-9, \u20ac 29,80 zwei Restexemplare (wieder) lieferbarlimitiert auf 111 numerierte Exemplare, vom Verfasser signiert,Umschlagillustration von Stefan Atzenhofer.Die Erstausgabe dieser Novelle erschien 1998 als \u203aMedusenblut\u2039 Heft 4 und z\u00e4hlt zu den meistgesuchten Titeln der \u203aMedusenblut\u2039-Reihe. F\u00fcr diese Ausgabe hat der Autor sein Werk grundlegend \u00fcberarbeitet und erweitert.Das Nachwort der Neuausgabe schrieb Robert N. Bloch. Die Entdeckung der Nachtseite. Unheimlicher Romanvon Michael SiefenerMit 10 Illustrationen von Thomas Hofmann.Glanzbroschur, 307 Seiten, ISBN 978-3-934273-62-7, \u20ac 18,00*Gebundene Vorzugsausgabe in goldgepr\u00e4gtem Leinen, mit umlaufend illustriertem Schutzumschlag von Sch\u00e4delwaldt, ISBN&hellip; <a class=\"read-more\" href=\"https:\/\/verlag-lindenstruth.de\/?page_id=18\">Mehr Lesen<\/a><\/p>\n","protected":false},"author":1,"featured_media":0,"parent":0,"menu_order":0,"comment_status":"closed","ping_status":"closed","template":"","meta":{"_crdt_document":"","_themeisle_gutenberg_block_has_review":false,"footnotes":""},"class_list":["post-18","page","type-page","status-publish","hentry"],"_links":{"self":[{"href":"https:\/\/verlag-lindenstruth.de\/index.php?rest_route=\/wp\/v2\/pages\/18","targetHints":{"allow":["GET"]}}],"collection":[{"href":"https:\/\/verlag-lindenstruth.de\/index.php?rest_route=\/wp\/v2\/pages"}],"about":[{"href":"https:\/\/verlag-lindenstruth.de\/index.php?rest_route=\/wp\/v2\/types\/page"}],"author":[{"embeddable":true,"href":"https:\/\/verlag-lindenstruth.de\/index.php?rest_route=\/wp\/v2\/users\/1"}],"replies":[{"embeddable":true,"href":"https:\/\/verlag-lindenstruth.de\/index.php?rest_route=%2Fwp%2Fv2%2Fcomments&post=18"}],"version-history":[{"count":10,"href":"https:\/\/verlag-lindenstruth.de\/index.php?rest_route=\/wp\/v2\/pages\/18\/revisions"}],"predecessor-version":[{"id":482,"href":"https:\/\/verlag-lindenstruth.de\/index.php?rest_route=\/wp\/v2\/pages\/18\/revisions\/482"}],"wp:attachment":[{"href":"https:\/\/verlag-lindenstruth.de\/index.php?rest_route=%2Fwp%2Fv2%2Fmedia&parent=18"}],"curies":[{"name":"wp","href":"https:\/\/api.w.org\/{rel}","templated":true}]}}