{"id":17,"date":"2024-01-22T17:16:29","date_gmt":"2024-01-22T17:16:29","guid":{"rendered":"https:\/\/verlag-lindenstruth.de\/?page_id=17"},"modified":"2025-03-31T14:46:29","modified_gmt":"2025-03-31T14:46:29","slug":"sekundaerliteratur","status":"publish","type":"page","link":"https:\/\/verlag-lindenstruth.de\/?page_id=17","title":{"rendered":"Sekund\u00e4rliteratur"},"content":{"rendered":"\n<p class=\"has-text-align-center has-large-font-size wp-block-paragraph\"><\/p>\n\n\n\n<figure class=\"wp-block-table is-style-stripes\"><table class=\"has-fixed-layout\"><tbody><tr><td class=\"has-text-align-left\" data-align=\"left\"><strong>Webseite neu im Aufbau.<br>Bestellungen aktuell nur \u00fcber email:<\/strong><br><strong><a href=\"mailto:ggl@verlag-lindenstruth.de\">ggl@verlag-lindenstruth.de<\/a> m\u00f6glich.<\/strong><\/td><td class=\"has-text-align-left\" data-align=\"left\"><\/td><\/tr><tr><td class=\"has-text-align-left\" data-align=\"left\"><\/td><td class=\"has-text-align-left\" data-align=\"left\"><\/td><\/tr><tr><td class=\"has-text-align-left\" data-align=\"left\"><strong>Arcana. Magazin f\u00fcr klassische und moderne Phantastik. Index No.1 bis No.25<\/strong> von Robert N. Bloch \/ Gerhard Lindenstruth<br>Geheftete Broschur, 58 Seiten (davon 7 Farbtafeln),<br>ISBN 978-3-934273-79-5, EUR 12,00* <mark style=\"background-color:rgba(0, 0, 0, 0)\" class=\"has-inline-color has-vivid-green-cyan-color\"><strong>lieferbar<\/strong><\/mark><br><em>Dieser illustrierte Index des Magazins ARCANA enth\u00e4lt alle Inhaltsverzeichnisse des seit 2002 erscheinenden Magazins sowie Indices aller belletristischen Beitr\u00e4ge, der Artikel, Interviews und Rezensionen. Auf 7 Farbtafeln sind die Umschl\u00e4ge aller Hefte reproduziert.<\/em><\/td><td class=\"has-text-align-left\" data-align=\"left\"><img decoding=\"async\" width=\"148\" height=\"216\" class=\"wp-image-51\" style=\"width: 148px;\" src=\"https:\/\/verlag-lindenstruth.de\/wp-content\/uploads\/2024\/01\/9783934273795-50.jpg\" alt=\"\"><img decoding=\"async\" width=\"149\" height=\"216\" class=\"wp-image-251\" style=\"width: 149px;\" src=\"https:\/\/verlag-lindenstruth.de\/wp-content\/uploads\/2024\/01\/Orchideengarten-TiBiEF-50mm.jpg\" alt=\"\"><img decoding=\"async\" width=\"147\" height=\"216\" class=\"wp-image-54\" style=\"width: 147px;\" src=\"https:\/\/verlag-lindenstruth.de\/wp-content\/uploads\/2024\/01\/9783934273856-50.jpg\" alt=\"\"><\/td><\/tr><tr><td class=\"has-text-align-left\" data-align=\"left\"><strong>Der Orchideengarten. Eine kommentierte Bibliographie<\/strong><br>Zweite erweiterte Auflage 2018<br>von Robert N. Bloch<br>Geheftete Broschur, 54 Seiten (davon 4 Farbtafeln),<br>ISBN 978-3-934273-80-1, EUR 12,00* <strong><mark style=\"background-color:rgba(0, 0, 0, 0)\" class=\"has-inline-color has-vivid-green-cyan-color\">lieferbar<\/mark><\/strong><br><em>DER ORCHIDEENGARTEN (1919 bis 1921) ist nicht nur die erste Zeitschrift, die sich der phantastischen Literatur widmete, sie ist auch die graphisch am besten ausgestattete Zeitschrift des Genres mit K\u00fcnstlern wie Alfred Kubin, Heinrich Kley, Otto Linnekogel u.a. Trotz ihres Bekanntheitsgrades wei\u00df kaum jemand, welche Geschichten im ORCHIDEENGARTEN erschienen und worum es sich darin dreht. Diese Bibliographie erschlie\u00dft den Inhalt der Zeitschrift und enth\u00e4lt Kommentare zu s\u00e4mtlichen Erz\u00e4hlungen. Zudem werden auf 4 Farbtafeln die besten Umschl\u00e4ge reproduziert.<\/em><br><br><br><br><br><\/td><td class=\"has-text-align-left\" data-align=\"left\"><strong>J. Sheridan Le Fanu. Eine kommentierte, illustrierte Bibliographie seiner Ver\u00f6ffentlichungen im deutschen Sprachraum<\/strong><br>von Robert N. Bloch<br>mit 40 farbigen Abbildungen<br>Giessen 2010, 57 Seiten, geheftete Broschur,<br>ISBN 978-3-934273-84-9, \u20ac 16,00* <strong><mark style=\"background-color:rgba(0, 0, 0, 0)\" class=\"has-inline-color has-vivid-green-cyan-color\">lieferbar<\/mark><\/strong><br><em>\u201cEr steht definitiv an erster Stelle als Autor von Geistergeschichten. Das ist mein wohlerwogenes Urteil, nachdem ich alle \u00fcbersinnlichen Geschichten, derer ich habhaft werden konnte, gelesen habe. Keiner kann den Hintergrund besser ausmalen und keiner kann die Effekte besser setzen.\u201d<br>Dies schrieb kein geringerer als M. R. James, der wohl bedeutendste Autor von Gespenstergeschichten im 20. Jahrhundert, \u00fcber Sheridan Le Fanu. Diese Bibliographie f\u00fchrt s\u00e4mtliche Romane und Kurzgeschichten des Autors, ob \u00fcbersetzt oder nicht, auf und gibt einen kurzen Hinweis auf den Inhalt. Jede \u00dcbersetzung, in eigenst\u00e4ndigen Werken, in Anthologien oder Zeitschriften, wird aufgef\u00fchrt. Zudem werden in 40 Abbildungen auf feinstem Papier seltene Buchumschl\u00e4ge und Titelbl\u00e4tter in Farbe wiedergegeben.<\/em><\/td><\/tr><tr><td class=\"has-text-align-left\" data-align=\"left\"><strong>Die (gelben) Ullstein-B\u00fccher (1927-1943). Eine Bibliographie<\/strong><br>von Robert N. Bloch<br>Geheftete Broschur, 57 Seiten (davon 4 Farbtafeln),<br>ISBN 978-3-934273-81-8, EUR 12,00* <strong><mark style=\"background-color:rgba(0, 0, 0, 0)\" class=\"has-inline-color has-vivid-green-cyan-color\">lieferbar<\/mark><\/strong><br><em>&#8222;Die Ullstein-B\u00fccher&#8220; war die erfolgreichste Unterhaltungsliteraturreihe in der Weimarer Republik und im 3. Reich. Auf die zahlreichen Ufa-Verfilmungen der &#8222;Ullstein-B\u00fccher&#8220; wird hingewiesen. Mit Autorenindex und vier Farbtafeln mit Umschlagabbildungen.<\/em><\/td><td class=\"has-text-align-left\" data-align=\"left\"><strong>Meine Zeitung. Kommentierte Bibliographie einer Unterhaltungszeitschrift aus der Weimarer Republik<\/strong><br>von Robert N. Bloch &amp; Gerhard Lindenstruth<br>Geheftete Broschur, 69 Seiten, ISBN 978-3-934273-85-6,<br>EUR 12,00 <strong><mark style=\"background-color:rgba(0, 0, 0, 0)\" class=\"has-inline-color has-vivid-green-cyan-color\">lieferbar<\/mark><\/strong><br><em>Neben DER ORCHIDEENGARTEN enth\u00e4lt MEINE ZEITUNG, von der zwischen 1924 und 1929 sechs Jahrg\u00e4nge erschienen, das gr\u00f6\u00dfte Reservoir an unbekannten phantastischen Erz\u00e4hlungen.<\/em><\/td><\/tr><tr><td class=\"has-text-align-left\" data-align=\"left\"><strong>Engelhorns Allgemeine Roman-Bibliothek (1884-1930). Eine Bibliographie. <\/strong><br>von Robert N. Bloch<br>Geheftete Broschur, 65 Seiten, ISBN 978-3-934273-89-4, \u20ac 12,00* <strong><mark style=\"background-color:rgba(0, 0, 0, 0)\" class=\"has-inline-color has-vivid-green-cyan-color\">lieferbar<\/mark><\/strong><br><em>Engelhorns Allgemeine Roman-Bibliothek ist neben Reclams Universal-Bibliothek und K\u00fcrschners B\u00fccherschatz die umfangreichste Unterhaltungsliteraturreihe der Jahrhundertwende.<br>Diese Bibliographie aller B\u00e4nde f\u00fchrt die Originaltitel auf und ist mit einem Autorenindex versehen.<\/em><\/td><td class=\"has-text-align-left\" data-align=\"left\"><strong>Phantasmen. Robert N. Bloch zum Sechzigsten. <\/strong>Hrsg. von Marco Frenschkowski, Gerhard Lindenstruth, Malte S. Sembten<br>Giessen 2010, 224 Seiten + 10 Farbtafeln, Broschur,<br>ISBN 978-3-934273-86-3, \u20ac 19,80<br><mark style=\"background-color:rgba(0, 0, 0, 0)\" class=\"has-inline-color has-vivid-green-cyan-color\"><strong>nur noch wenige Exemplare lieferbar<\/strong><\/mark><br><em>Festschrift zum 60. Geburtstag von Robert N.Bloch. Freunde und Weggef\u00e4hrten, Sammler und K\u00fcnstler, Sch\u00f6pfer und Erforscher phantastischer Literatur zollen ihren Tribut. Beitr\u00e4ge von Franz Rottensteiner, Elisabeth Willenz, Rainer Engelhard, Gerhard Lindenstruth, Michael Siefener, Jasmin Grande, Erik Hauser und Marco Frenschkowski. Nebst drei Erz\u00e4hlungen von J. Sheridan Le Fanu (erstmals ins Deutsche \u00fcbertragen von Michael Siefener), Gerhard Lindenstruth und Malte S. Sembten.<\/em><\/td><\/tr><tr><td class=\"has-text-align-left\" data-align=\"left\"><strong>Goblin Press. Die fr\u00fchen Jahre: 1990-2004. Eine illustrierte Dokumentation.<\/strong> <br>von Uwe Voehl<br>Geheftete Broschur, 74 Seiten (davon 13 Farbseiten),<br>ISBN 978-3-934273-78-8, EUR 15,00* <mark style=\"background-color:rgba(0, 0, 0, 0)\" class=\"has-inline-color has-vivid-green-cyan-color\"><strong>nur noch wenige Exemplare lieferbar<\/strong><\/mark><br><em>Diese reich illustrierte Dokumentation der Goblin Press, von deren Anf\u00e4ngen im Jahr 1990 bis ins Jahr 2004, listet alle Ausgaben nummeriert auf, enth\u00e4lt neben bibliographischen Informationen auch die jeweiligen Inhaltsverzeichnisse und erschlie\u00dft alle Publikationen mittels Autoren- und K\u00fcnstlerindex.<br>Im Vorwort behandelt Uwe Voehl die Geschichte der Goblin Press und erg\u00e4nzt die Eintr\u00e4ge zu den B\u00fcchern um zahlreiche Zusatzinformationen.<br>Auf 13 Farbseiten sind die Umschl\u00e4ge aller Publikationen reproduziert. Limitierte Ausgabe von 50 Exemplaren.<\/em><br>Die ersten 17 Besteller erhalten zus\u00e4tzlich eine von J\u00f6rg Bartscher-Kleudgen signierte Karte.<br><sub>** Exklusiv erhalten alle Besteller das ARCANA-Piccolo No.14 \u203aDer H\u00f6llenpesel\u2039 von Uwe Voehl &amp; J\u00f6rg Bartscher-Kleudgen.<\/sub><\/td><td class=\"has-text-align-left\" data-align=\"left\"><strong>J. Sheridan Le Fanu. Eine kommentierte, illustrierte Bibliographie seiner Ver\u00f6ffentlichungen im deutschen Sprachraum<\/strong><br>von Robert N. Bloch<br>mit 40 farbigen Abbildungen<br>Giessen 2010, 57 Seiten, geheftete Broschur, ISBN 978-3-934273-84-9, \u20ac 16,00* <strong><mark style=\"background-color:rgba(0, 0, 0, 0)\" class=\"has-inline-color has-vivid-green-cyan-color\">lieferbar<\/mark><\/strong><br><em>\u201cEr steht definitiv an erster Stelle als Autor von Geistergeschichten. Das ist mein wohlerwogenes Urteil, nachdem ich alle \u00fcbersinnlichen Geschichten, derer ich habhaft werden konnte, gelesen habe. Keiner kann den Hintergrund besser ausmalen und keiner kann die Effekte besser setzen.\u201d<br>Dies schrieb kein geringerer als M. R. James, der wohl bedeutendste Autor von Gespenstergeschichten im 20. Jahrhundert, \u00fcber Sheridan Le Fanu. Diese Bibliographie f\u00fchrt s\u00e4mtliche Romane und Kurzgeschichten des Autors, ob \u00fcbersetzt oder nicht, auf und gibt einen kurzen Hinweis auf den Inhalt. Jede \u00dcbersetzung, in eigenst\u00e4ndigen Werken, in Anthologien oder Zeitschriften, wird aufgef\u00fchrt. Zudem werden in 40 Abbildungen auf feinstem Papier seltene Buchumschl\u00e4ge und Titelbl\u00e4tter in Farbe wiedergegeben.<\/em><\/td><\/tr><tr><td class=\"has-text-align-left\" data-align=\"left\"><img loading=\"lazy\" decoding=\"async\" width=\"148\" height=\"219\" class=\"wp-image-49\" style=\"width: 148px;\" src=\"https:\/\/verlag-lindenstruth.de\/wp-content\/uploads\/2024\/01\/9783934273788-sw50mm.jpg\" alt=\"\"><img loading=\"lazy\" decoding=\"async\" width=\"139\" height=\"219\" class=\"wp-image-55\" style=\"width: 139px;\" src=\"https:\/\/verlag-lindenstruth.de\/wp-content\/uploads\/2024\/01\/9783934273863-50-O.jpg\" alt=\"\"><img loading=\"lazy\" decoding=\"async\" width=\"151\" height=\"219\" class=\"wp-image-172\" style=\"width: 151px;\" src=\"https:\/\/verlag-lindenstruth.de\/wp-content\/uploads\/2024\/01\/EngelhornTitelseite50mm.jpg\" alt=\"\"><\/td><td class=\"has-text-align-left\" data-align=\"left\"><strong>K\u00fcrschners B\u00fccherschatz (1897-1923). Eine Bibliographie.<\/strong><br>von Robert N. Bloch <br>Geheftete Broschur, 82 Seiten, ISBN 978-3-934273-29-0,<br>\u20ac 12,00* <mark style=\"background-color:rgba(0, 0, 0, 0)\" class=\"has-inline-color has-vivid-green-cyan-color\"><strong>nur noch wenige Exemplare lieferbar<\/strong><\/mark><br><em>K\u00fcrschners B\u00fccherschatz ist eine der erfolgreichsten Unterhaltungsliteraturreihen der Jahrhundertwende mit vielen Erstausgaben aus den Bereichen Utopie, Phantastik und Krimi. Bibliographie aller Hefte nebst Autorenindex.<\/em><\/td><\/tr><tr><td class=\"has-text-align-left\" data-align=\"left\"><strong>Arthur Conan Doyle. Eine illustrierte Bibliographie seiner Ver\u00f6ffentlichungen im deutschen Sprachraum.<\/strong><br>von Gerhard Lindenstruth<br>236 Seiten, Paperback, 4 Farbtafeln, Titelindex. <br>ISBN 978-3-934273-25-2, \u20ac 26,00* <strong><mark style=\"background-color:rgba(0, 0, 0, 0)\" class=\"has-inline-color has-vivid-green-cyan-color\">lieferbar<\/mark><\/strong><br><em>Die erste umfassende Personalbibliographie des Sch\u00f6pfers von Sherlock Holmes und Professor Challenger. Unentbehrlich f\u00fcr den Sammler und Antiquar.<\/em><\/td><td class=\"has-text-align-left\" data-align=\"left\"><\/td><\/tr><tr><td class=\"has-text-align-left\" data-align=\"left\"><strong>Bibliography of THE TAUCHNITZ MAGAZINE.<\/strong><br>von Gerhard Lindenstruth<br>Broschur, 30 Seiten. ISBN 978-3-934273-23-8,\u20ac 6,50*<br><mark style=\"background-color:rgba(0, 0, 0, 0)\" class=\"has-inline-color has-vivid-green-cyan-color\"><strong>nur noch wenige Exemplare lieferbar<\/strong><\/mark><br>ISBN 978-3-934273-23-8<br><em>Vollst\u00e4ndige Inhaltsverzeichnisse aller erschienenen Hefte. Mit Autoren- und Titelindex.<\/em><\/td><td class=\"has-text-align-left\" data-align=\"left\"><img loading=\"lazy\" decoding=\"async\" width=\"148\" height=\"211\" class=\"wp-image-164\" style=\"width: 148px;\" src=\"https:\/\/verlag-lindenstruth.de\/wp-content\/uploads\/2024\/01\/DoyleCover-small.jpg\" alt=\"\"><img loading=\"lazy\" decoding=\"async\" width=\"136\" height=\"211\" class=\"wp-image-325\" style=\"width: 136px;\" src=\"https:\/\/verlag-lindenstruth.de\/wp-content\/uploads\/2024\/01\/TAUCH3.jpg\" alt=\"\" srcset=\"https:\/\/verlag-lindenstruth.de\/wp-content\/uploads\/2024\/01\/TAUCH3.jpg 244w, https:\/\/verlag-lindenstruth.de\/wp-content\/uploads\/2024\/01\/TAUCH3-194x300.jpg 194w\" sizes=\"(max-width: 136px) 100vw, 136px\" \/><\/td><\/tr><tr><td class=\"has-text-align-left\" data-align=\"left\"><\/td><td class=\"has-text-align-left\" data-align=\"left\"><\/td><\/tr><\/tbody><\/table><\/figure>\n","protected":false},"excerpt":{"rendered":"<p>Webseite neu im Aufbau.Bestellungen aktuell nur \u00fcber email:ggl@verlag-lindenstruth.de m\u00f6glich. Arcana. Magazin f\u00fcr klassische und moderne Phantastik. Index No.1 bis No.25 von Robert N. Bloch \/ Gerhard LindenstruthGeheftete Broschur, 58 Seiten (davon 7 Farbtafeln),ISBN 978-3-934273-79-5, EUR 12,00* lieferbarDieser illustrierte Index des Magazins ARCANA enth\u00e4lt alle Inhaltsverzeichnisse des seit 2002 erscheinenden Magazins sowie Indices aller belletristischen Beitr\u00e4ge, der Artikel, Interviews und Rezensionen. Auf 7 Farbtafeln sind die Umschl\u00e4ge aller Hefte reproduziert. Der Orchideengarten. Eine kommentierte BibliographieZweite erweiterte Auflage 2018von Robert N. BlochGeheftete Broschur, 54 Seiten (davon 4 Farbtafeln),ISBN 978-3-934273-80-1, EUR 12,00* lieferbarDER ORCHIDEENGARTEN (1919 bis 1921) ist nicht nur die erste Zeitschrift, die sich der phantastischen Literatur widmete, sie ist auch die&hellip; <a class=\"read-more\" href=\"https:\/\/verlag-lindenstruth.de\/?page_id=17\">Mehr Lesen<\/a><\/p>\n","protected":false},"author":1,"featured_media":0,"parent":0,"menu_order":0,"comment_status":"closed","ping_status":"closed","template":"","meta":{"_crdt_document":"","_themeisle_gutenberg_block_has_review":false,"footnotes":""},"class_list":["post-17","page","type-page","status-publish","hentry"],"_links":{"self":[{"href":"https:\/\/verlag-lindenstruth.de\/index.php?rest_route=\/wp\/v2\/pages\/17","targetHints":{"allow":["GET"]}}],"collection":[{"href":"https:\/\/verlag-lindenstruth.de\/index.php?rest_route=\/wp\/v2\/pages"}],"about":[{"href":"https:\/\/verlag-lindenstruth.de\/index.php?rest_route=\/wp\/v2\/types\/page"}],"author":[{"embeddable":true,"href":"https:\/\/verlag-lindenstruth.de\/index.php?rest_route=\/wp\/v2\/users\/1"}],"replies":[{"embeddable":true,"href":"https:\/\/verlag-lindenstruth.de\/index.php?rest_route=%2Fwp%2Fv2%2Fcomments&post=17"}],"version-history":[{"count":17,"href":"https:\/\/verlag-lindenstruth.de\/index.php?rest_route=\/wp\/v2\/pages\/17\/revisions"}],"predecessor-version":[{"id":563,"href":"https:\/\/verlag-lindenstruth.de\/index.php?rest_route=\/wp\/v2\/pages\/17\/revisions\/563"}],"wp:attachment":[{"href":"https:\/\/verlag-lindenstruth.de\/index.php?rest_route=%2Fwp%2Fv2%2Fmedia&parent=17"}],"curies":[{"name":"wp","href":"https:\/\/api.w.org\/{rel}","templated":true}]}}